{"id":46,"date":"2024-12-18T18:24:26","date_gmt":"2024-12-18T17:24:26","guid":{"rendered":"https:\/\/wolsztyn.fokasoft.pl\/praktyka\/?page_id=46"},"modified":"2024-12-18T18:31:33","modified_gmt":"2024-12-18T17:31:33","slug":"statut","status":"publish","type":"page","link":"https:\/\/wolsztyn.fokasoft.pl\/praktyka\/index.php\/statut\/","title":{"rendered":"Statut"},"content":{"rendered":"\n<p><object style=\"width:100%; aspect-ratio: 1\/1; margin-inline: auto;\" type=\"application\/pdf\" data=\"..\/..\/materialy\/Statut RZSW Wolsztyn.pdf\">\n    <p>PDF nie mo\u017ce by\u0107 wy\u015bwietlony<\/p>\n<\/object><\/p>\n\n\n\n<p><\/p>\n","protected":false},"excerpt":{"rendered":"<p>PDF nie mo\u017ce by\u0107 wy\u015bwietlony<\/p>\n","protected":false},"author":1,"featured_media":0,"parent":0,"menu_order":0,"comment_status":"closed","ping_status":"closed","template":"","meta":{"footnotes":""},"class_list":["post-46","page","type-page","status-publish","hentry"],"_links":{"self":[{"href":"https:\/\/wolsztyn.fokasoft.pl\/praktyka\/index.php\/wp-json\/wp\/v2\/pages\/46","targetHints":{"allow":["GET"]}}],"collection":[{"href":"https:\/\/wolsztyn.fokasoft.pl\/praktyka\/index.php\/wp-json\/wp\/v2\/pages"}],"about":[{"href":"https:\/\/wolsztyn.fokasoft.pl\/praktyka\/index.php\/wp-json\/wp\/v2\/types\/page"}],"author":[{"embeddable":true,"href":"https:\/\/wolsztyn.fokasoft.pl\/praktyka\/index.php\/wp-json\/wp\/v2\/users\/1"}],"replies":[{"embeddable":true,"href":"https:\/\/wolsztyn.fokasoft.pl\/praktyka\/index.php\/wp-json\/wp\/v2\/comments?post=46"}],"version-history":[{"count":8,"href":"https:\/\/wolsztyn.fokasoft.pl\/praktyka\/index.php\/wp-json\/wp\/v2\/pages\/46\/revisions"}],"predecessor-version":[{"id":57,"href":"https:\/\/wolsztyn.fokasoft.pl\/praktyka\/index.php\/wp-json\/wp\/v2\/pages\/46\/revisions\/57"}],"wp:attachment":[{"href":"https:\/\/wolsztyn.fokasoft.pl\/praktyka\/index.php\/wp-json\/wp\/v2\/media?parent=46"}],"curies":[{"name":"wp","href":"https:\/\/api.w.org\/{rel}","templated":true}]}}