{"id":32,"date":"2024-12-12T16:10:06","date_gmt":"2024-12-12T15:10:06","guid":{"rendered":"https:\/\/wolsztyn.fokasoft.pl\/praktyka\/?page_id=32"},"modified":"2024-12-18T18:45:25","modified_gmt":"2024-12-18T17:45:25","slug":"kontakt","status":"publish","type":"page","link":"https:\/\/wolsztyn.fokasoft.pl\/praktyka\/index.php\/kontakt\/","title":{"rendered":"Kontakt"},"content":{"rendered":"\n<p>Godziny otwarcia<\/p>\n\n\n\n<figure class=\"wp-block-table\"><table class=\"has-fixed-layout\"><tbody><tr><td>po<wbr>nie<wbr>dzia<wbr>\u0142ek<\/td><td>07:00 &#8211; 14:00<\/td><\/tr><tr><td>w<wbr>to<wbr>re<wbr>k<\/td><td>07:00 &#8211; 14:00<\/td><\/tr><tr><td>\u015b<wbr>ro<wbr>da<\/td><td>07:00 &#8211; 14:00<\/td><\/tr><tr><td>cz<wbr>war<wbr>tek<\/td><td>07:00 &#8211; 14:00<\/td><\/tr><tr><td>pi\u0105<wbr>te<wbr>k<\/td><td>07:00 &#8211; 14:00<\/td><\/tr><tr><td>so<wbr>bo<wbr>ta<\/td><td>Zam<wbr>kni\u0119<wbr>te<\/td><\/tr><tr><td>nie<wbr>dzie<wbr>la<\/td><td>Zam<wbr>kni\u0119<wbr>te<\/td><\/tr><\/tbody><\/table><\/figure>\n\n\n\n<p>Pe\u0142na nazwa: Rejonowy Zwi\u0105zek Sp\u00f3\u0142ek Wodnych, Wolsztyn<br>Adres: ul. \u017beromskiego 16, 64-200 Wolsztyn (Biurowiec OSM, Pi\u0119tro, pok\u00f3j nr 8)<br>Numer telefonu: 784 938 998<br>NIP: 9230025988<br>REGON: 000761420<br>Email: rzsw.wolsztyn1@o2.pl<\/p>\n\n\n\n<hr class=\"wp-block-separator has-alpha-channel-opacity\"\/>\n\n\n\n<p>BANK:<\/p>\n\n\n\n<p>NBS Rakoniewice O\/Wolsztyn<\/p>\n\n\n\n<p>nr 98 9081 0006 0100 0446 2000 0002<\/p>\n\n\n\n<p>Dyrektor &#8211; Damian Ko\u017cuchowski<\/p>\n\n\n\n<p><\/p>\n\n\n\n<p><\/p>\n","protected":false},"excerpt":{"rendered":"<p>Godziny otwarcia poniedzia\u0142ek 07:00 &#8211; 14:00 wtorek 07:00 &#8211; 14:00 \u015broda 07:00 &#8211; 14:00 czwartek 07:00 &#8211; 14:00 pi\u0105tek 07:00 &#8211; 14:00 sobota Zamkni\u0119te niedziela Zamkni\u0119te Pe\u0142na nazwa: Rejonowy Zwi\u0105zek Sp\u00f3\u0142ek Wodnych, WolsztynAdres: ul. \u017beromskiego 16, 64-200 Wolsztyn (Biurowiec OSM, Pi\u0119tro, pok\u00f3j nr 8)Numer telefonu: 784 938 998NIP: 9230025988REGON: 000761420Email: rzsw.wolsztyn1@o2.pl BANK: NBS Rakoniewice O\/Wolsztyn [&hellip;]<\/p>\n","protected":false},"author":1,"featured_media":0,"parent":0,"menu_order":0,"comment_status":"closed","ping_status":"closed","template":"","meta":{"footnotes":""},"class_list":["post-32","page","type-page","status-publish","hentry"],"_links":{"self":[{"href":"https:\/\/wolsztyn.fokasoft.pl\/praktyka\/index.php\/wp-json\/wp\/v2\/pages\/32","targetHints":{"allow":["GET"]}}],"collection":[{"href":"https:\/\/wolsztyn.fokasoft.pl\/praktyka\/index.php\/wp-json\/wp\/v2\/pages"}],"about":[{"href":"https:\/\/wolsztyn.fokasoft.pl\/praktyka\/index.php\/wp-json\/wp\/v2\/types\/page"}],"author":[{"embeddable":true,"href":"https:\/\/wolsztyn.fokasoft.pl\/praktyka\/index.php\/wp-json\/wp\/v2\/users\/1"}],"replies":[{"embeddable":true,"href":"https:\/\/wolsztyn.fokasoft.pl\/praktyka\/index.php\/wp-json\/wp\/v2\/comments?post=32"}],"version-history":[{"count":16,"href":"https:\/\/wolsztyn.fokasoft.pl\/praktyka\/index.php\/wp-json\/wp\/v2\/pages\/32\/revisions"}],"predecessor-version":[{"id":65,"href":"https:\/\/wolsztyn.fokasoft.pl\/praktyka\/index.php\/wp-json\/wp\/v2\/pages\/32\/revisions\/65"}],"wp:attachment":[{"href":"https:\/\/wolsztyn.fokasoft.pl\/praktyka\/index.php\/wp-json\/wp\/v2\/media?parent=32"}],"curies":[{"name":"wp","href":"https:\/\/api.w.org\/{rel}","templated":true}]}}